{"id":100,"date":"2017-03-21T22:52:23","date_gmt":"2017-03-21T21:52:23","guid":{"rendered":"http:\/\/www.gartenbauverein-leuterschach.de\/wordpress\/?page_id=100"},"modified":"2017-04-03T21:24:32","modified_gmt":"2017-04-03T19:24:32","slug":"mosterei","status":"publish","type":"page","link":"https:\/\/www.gartenbauverein-leuterschach.de\/wordpress\/mosterei\/","title":{"rendered":"Mosterei"},"content":{"rendered":"<div class=\"entry-content\">\n<p>Mit dem Umzug der Feuerwehr Leuterschach in die neuen Geb\u00e4ude am Wirtseck, konnte auch unsere Mosterei im August 2015 neue R\u00e4umlichkeiten in einem Anbau des Feuerwehrhauses beziehen.<\/p>\n<p><img loading=\"lazy\" decoding=\"async\" class=\"size-medium wp-image-176 alignleft\" src=\"https:\/\/www.gartenbauverein-leuterschach.de\/wordpress\/wp-content\/uploads\/2017\/04\/15-08-15-Mosterei-Einweihung-8-300x225.jpg\" alt=\"\" width=\"300\" height=\"225\" srcset=\"https:\/\/www.gartenbauverein-leuterschach.de\/wordpress\/wp-content\/uploads\/2017\/04\/15-08-15-Mosterei-Einweihung-8-300x225.jpg 300w, https:\/\/www.gartenbauverein-leuterschach.de\/wordpress\/wp-content\/uploads\/2017\/04\/15-08-15-Mosterei-Einweihung-8-768x576.jpg 768w, https:\/\/www.gartenbauverein-leuterschach.de\/wordpress\/wp-content\/uploads\/2017\/04\/15-08-15-Mosterei-Einweihung-8-1024x768.jpg 1024w\" sizes=\"auto, (max-width: 300px) 100vw, 300px\" \/><\/p>\n<p>&nbsp;<\/p>\n<p>Am 15. August 2015 wurden die neuen R\u00e4ume mit einem Tag der offenen T\u00fcre bezogen. Der damalige Vorsitzende und derzeitige Mostwart Hermann Wild erkl\u00e4rt den zahlreichen Interessierten die Funktionsweise der Packpresse.<br \/>\nDas Obst kommt in den Edelstahl-Bottich und wird im runden F\u00f6rderturm erst gewaschen bevor es geh\u00e4ckselt wird.<\/p>\n<\/div>\n<div class=\"entry-content\">\n<p><img loading=\"lazy\" decoding=\"async\" class=\"size-medium wp-image-181 alignleft\" src=\"https:\/\/www.gartenbauverein-leuterschach.de\/wordpress\/wp-content\/uploads\/2017\/04\/16-08-20-2-e1491247100538-300x300.jpg\" alt=\"\" width=\"300\" height=\"300\" srcset=\"https:\/\/www.gartenbauverein-leuterschach.de\/wordpress\/wp-content\/uploads\/2017\/04\/16-08-20-2-e1491247100538-300x300.jpg 300w, https:\/\/www.gartenbauverein-leuterschach.de\/wordpress\/wp-content\/uploads\/2017\/04\/16-08-20-2-e1491247100538-150x150.jpg 150w, https:\/\/www.gartenbauverein-leuterschach.de\/wordpress\/wp-content\/uploads\/2017\/04\/16-08-20-2-e1491247100538.jpg 476w\" sizes=\"auto, (max-width: 300px) 100vw, 300px\" \/><\/p>\n<p>&nbsp;<\/p>\n<p>Die geh\u00e4ckselten \u00c4pfel oder Birnen werden dann in Lagen in unsere Presse gepackt und gepresst. Jeder Kunde erh\u00e4lt seinen eigenen Saft.<\/p>\n<p>Quitten und Tafeltrauben k\u00f6nnen wir aufgrund des hohen Reinigungsaufwandes bzw. wegen Verschlei\u00df leider nicht pressen.<\/p>\n<p>&nbsp;<\/p>\n<\/div>\n<p>&nbsp;<\/p>\n<p>&nbsp;<\/p>\n<div class=\"entry-content\">\n<p><img loading=\"lazy\" decoding=\"async\" class=\"size-medium wp-image-182 alignleft\" src=\"https:\/\/www.gartenbauverein-leuterschach.de\/wordpress\/wp-content\/uploads\/2017\/04\/16-08-05-Mostereieinweisung-mit-Helferfest-17-300x225.jpg\" alt=\"\" width=\"300\" height=\"225\" srcset=\"https:\/\/www.gartenbauverein-leuterschach.de\/wordpress\/wp-content\/uploads\/2017\/04\/16-08-05-Mostereieinweisung-mit-Helferfest-17-300x225.jpg 300w, https:\/\/www.gartenbauverein-leuterschach.de\/wordpress\/wp-content\/uploads\/2017\/04\/16-08-05-Mostereieinweisung-mit-Helferfest-17-768x576.jpg 768w, https:\/\/www.gartenbauverein-leuterschach.de\/wordpress\/wp-content\/uploads\/2017\/04\/16-08-05-Mostereieinweisung-mit-Helferfest-17-1024x768.jpg 1024w\" sizes=\"auto, (max-width: 300px) 100vw, 300px\" \/><\/p>\n<p>&nbsp;<\/p>\n<p>Neu dazu kam ab August 2016 eine Erhitzungs- und Abf\u00fcllanlage.<\/p>\n<p>Der Saft kann nun in der Mosterei auf 80\u00b0 C erhitzt und in 5- oder 10-Liter-Beutel abgef\u00fcllt werden. Entsprechende Kartons sind erh\u00e4ltlich, k\u00f6nnen aber auch gerne mitgebracht werden.<\/p>\n<p>Selbstverst\u00e4ndlich besteht nach wie vor die M\u00f6glichkeit, den Saft roh mit nach Hause zu nehmen.<\/p>\n<\/div>\n<p>&nbsp;<\/p>\n<p>&nbsp;<\/p>\n<p>&nbsp;<\/p>\n<p>&nbsp;<\/p>\n<p><strong><a href=\"https:\/\/www.gartenbauverein-leuterschach.de\/wordpress\/locations\/mosterei-leuterschach\/\">Lage der Mosterei<\/a><\/strong><\/p>\n<p>&nbsp;<\/p>\n","protected":false},"excerpt":{"rendered":"<p>Mit dem Umzug der Feuerwehr Leuterschach in die neuen Geb\u00e4ude am Wirtseck, konnte auch unsere Mosterei im August 2015 neue R\u00e4umlichkeiten in einem Anbau des Feuerwehrhauses beziehen. &nbsp; Am 15. August 2015 wurden die neuen R\u00e4ume mit einem Tag der offenen T\u00fcre bezogen. Der damalige Vorsitzende und derzeitige Mostwart Hermann Wild erkl\u00e4rt den zahlreichen Interessierten [&hellip;]<\/p>\n","protected":false},"author":4,"featured_media":0,"parent":0,"menu_order":0,"comment_status":"closed","ping_status":"closed","template":"","meta":{"footnotes":""},"class_list":["post-100","page","type-page","status-publish","hentry","post"],"_links":{"self":[{"href":"https:\/\/www.gartenbauverein-leuterschach.de\/wordpress\/wp-json\/wp\/v2\/pages\/100","targetHints":{"allow":["GET"]}}],"collection":[{"href":"https:\/\/www.gartenbauverein-leuterschach.de\/wordpress\/wp-json\/wp\/v2\/pages"}],"about":[{"href":"https:\/\/www.gartenbauverein-leuterschach.de\/wordpress\/wp-json\/wp\/v2\/types\/page"}],"author":[{"embeddable":true,"href":"https:\/\/www.gartenbauverein-leuterschach.de\/wordpress\/wp-json\/wp\/v2\/users\/4"}],"replies":[{"embeddable":true,"href":"https:\/\/www.gartenbauverein-leuterschach.de\/wordpress\/wp-json\/wp\/v2\/comments?post=100"}],"version-history":[{"count":12,"href":"https:\/\/www.gartenbauverein-leuterschach.de\/wordpress\/wp-json\/wp\/v2\/pages\/100\/revisions"}],"predecessor-version":[{"id":185,"href":"https:\/\/www.gartenbauverein-leuterschach.de\/wordpress\/wp-json\/wp\/v2\/pages\/100\/revisions\/185"}],"wp:attachment":[{"href":"https:\/\/www.gartenbauverein-leuterschach.de\/wordpress\/wp-json\/wp\/v2\/media?parent=100"}],"curies":[{"name":"wp","href":"https:\/\/api.w.org\/{rel}","templated":true}]}}